{"id":162,"date":"2019-03-13T06:41:09","date_gmt":"2019-03-13T06:41:09","guid":{"rendered":"http:\/\/localhost\/buildbench\/?page_id=162"},"modified":"2023-03-15T00:02:29","modified_gmt":"2023-03-15T00:02:29","slug":"nosotros","status":"publish","type":"page","link":"https:\/\/dotzen.mx\/?page_id=162","title":{"rendered":"Nosotros"},"content":{"rendered":"\t\t<div data-elementor-type=\"wp-post\" data-elementor-id=\"162\" class=\"elementor elementor-162\">\n\t\t\t\t\t\t\t\t\t<section class=\"elementor-section elementor-top-section elementor-element elementor-element-d89861c elementor-section-boxed elementor-section-height-default elementor-section-height-default\" data-id=\"d89861c\" data-element_type=\"section\">\n\t\t\t\t\t\t<div class=\"elementor-container elementor-column-gap-default\">\n\t\t\t\t\t<div class=\"elementor-column elementor-col-50 elementor-top-column elementor-element elementor-element-d6ac4d7\" data-id=\"d6ac4d7\" data-element_type=\"column\">\n\t\t\t<div class=\"elementor-widget-wrap elementor-element-populated\">\n\t\t\t\t\t\t\t\t<div class=\"elementor-element elementor-element-337b655 elementor-widget elementor-widget-buildbench-title\" data-id=\"337b655\" data-element_type=\"widget\" data-widget_type=\"buildbench-title.default\">\n\t\t\t\t<div class=\"elementor-widget-container\">\n\t\t\t         <div class=\"section-heading-content\">\n            <h2 class=\"section-title\">\n                <span class=\"sub-title\">Nosotros<\/span>\n                 Nosotros somos una empresa dedicada a la construcci\u00f3n, obras, urbanizaci\u00f3n, servicios, ingenier\u00eda, comercio y suministro de materiales.                             <\/h2>\n         <\/div><!-- Section title -->\t\t\n\n     \n    \t\t<\/div>\n\t\t\t\t<\/div>\n\t\t\t\t<div class=\"elementor-element elementor-element-ee997aa elementor-widget elementor-widget-text-editor\" data-id=\"ee997aa\" data-element_type=\"widget\" data-widget_type=\"text-editor.default\">\n\t\t\t\t<div class=\"elementor-widget-container\">\n\t\t\t<style>\/*! elementor - v3.13.2 - 11-05-2023 *\/\n.elementor-widget-text-editor.elementor-drop-cap-view-stacked .elementor-drop-cap{background-color:#69727d;color:#fff}.elementor-widget-text-editor.elementor-drop-cap-view-framed .elementor-drop-cap{color:#69727d;border:3px solid;background-color:transparent}.elementor-widget-text-editor:not(.elementor-drop-cap-view-default) .elementor-drop-cap{margin-top:8px}.elementor-widget-text-editor:not(.elementor-drop-cap-view-default) .elementor-drop-cap-letter{width:1em;height:1em}.elementor-widget-text-editor .elementor-drop-cap{float:left;text-align:center;line-height:1;font-size:50px}.elementor-widget-text-editor .elementor-drop-cap-letter{display:inline-block}<\/style>\t\t\t\t Estamos comprometidos a ofrecer los mejores servicios y materiales para llevar a cabo cualquier proyecto de construcci\u00f3n, obra o urbanizaci\u00f3n. Nuestros ingenieros trabajan mano a mano con nuestros clientes para garantizar la mejor soluci\u00f3n posible para cada proyecto. Adem\u00e1s, operamos una amplia red de comerciantes de materiales de construcci\u00f3n, obras y urbanizaci\u00f3n que nos permite ofrecer los mejores precios para nuestras soluciones de construcci\u00f3n. Estamos orgullosos de nuestra dedicaci\u00f3n y compromiso a la excelencia, y siempre buscamos proporcionar un excelente valor a nuestros clientes.\n\n\n\t\t\t\t\t\t<\/div>\n\t\t\t\t<\/div>\n\t\t\t\t<section class=\"elementor-section elementor-inner-section elementor-element elementor-element-5ce0e46 elementor-section-boxed elementor-section-height-default elementor-section-height-default\" data-id=\"5ce0e46\" data-element_type=\"section\">\n\t\t\t\t\t\t<div class=\"elementor-container elementor-column-gap-default\">\n\t\t\t\t\t<div class=\"elementor-column elementor-col-50 elementor-inner-column elementor-element elementor-element-b87b157\" data-id=\"b87b157\" data-element_type=\"column\">\n\t\t\t<div class=\"elementor-widget-wrap elementor-element-populated\">\n\t\t\t\t\t\t\t\t<div class=\"elementor-element elementor-element-fd1e536 elementor-align-left elementor-widget elementor-widget-button\" data-id=\"fd1e536\" data-element_type=\"widget\" data-widget_type=\"button.default\">\n\t\t\t\t<div class=\"elementor-widget-container\">\n\t\t\t\t\t<div class=\"elementor-button-wrapper\">\n\t\t\t<a href=\"http:\/\/dotzen.mx\/?page_id=179\" class=\"elementor-button-link elementor-button elementor-size-md\" role=\"button\">\n\t\t\t\t\t\t<span class=\"elementor-button-content-wrapper\">\n\t\t\t\t\t\t\t<span class=\"elementor-button-icon elementor-align-icon-right\">\n\t\t\t\t\t\t\t<\/span>\n\t\t\t\t\t\t<span class=\"elementor-button-text\">Servicios<\/span>\n\t\t<\/span>\n\t\t\t\t\t<\/a>\n\t\t<\/div>\n\t\t\t\t<\/div>\n\t\t\t\t<\/div>\n\t\t\t\t\t<\/div>\n\t\t<\/div>\n\t\t\t\t<div class=\"elementor-column elementor-col-50 elementor-inner-column elementor-element elementor-element-a281988\" data-id=\"a281988\" data-element_type=\"column\">\n\t\t\t<div class=\"elementor-widget-wrap elementor-element-populated\">\n\t\t\t\t\t\t\t\t<div class=\"elementor-element elementor-element-0dec521 elementor-align-left elementor-widget elementor-widget-button\" data-id=\"0dec521\" data-element_type=\"widget\" data-widget_type=\"button.default\">\n\t\t\t\t<div class=\"elementor-widget-container\">\n\t\t\t\t\t<div class=\"elementor-button-wrapper\">\n\t\t\t<a href=\"http:\/\/dotzen.mx\/?page_id=207\" class=\"elementor-button-link elementor-button elementor-size-md\" role=\"button\">\n\t\t\t\t\t\t<span class=\"elementor-button-content-wrapper\">\n\t\t\t\t\t\t\t<span class=\"elementor-button-icon elementor-align-icon-right\">\n\t\t\t\t\t\t\t<\/span>\n\t\t\t\t\t\t<span class=\"elementor-button-text\">Contacto<\/span>\n\t\t<\/span>\n\t\t\t\t\t<\/a>\n\t\t<\/div>\n\t\t\t\t<\/div>\n\t\t\t\t<\/div>\n\t\t\t\t\t<\/div>\n\t\t<\/div>\n\t\t\t\t\t\t\t<\/div>\n\t\t<\/section>\n\t\t\t\t\t<\/div>\n\t\t<\/div>\n\t\t\t\t<div class=\"elementor-column elementor-col-50 elementor-top-column elementor-element elementor-element-efed08e\" data-id=\"efed08e\" data-element_type=\"column\">\n\t\t\t<div class=\"elementor-widget-wrap elementor-element-populated\">\n\t\t\t\t\t\t\t\t<div class=\"elementor-element elementor-element-29e078e elementor-position-left elementor-vertical-align-top elementor-widget elementor-widget-image-box\" data-id=\"29e078e\" data-element_type=\"widget\" data-widget_type=\"image-box.default\">\n\t\t\t\t<div class=\"elementor-widget-container\">\n\t\t\t<style>\/*! elementor - v3.13.2 - 11-05-2023 *\/\n.elementor-widget-image-box .elementor-image-box-content{width:100%}@media (min-width:768px){.elementor-widget-image-box.elementor-position-left .elementor-image-box-wrapper,.elementor-widget-image-box.elementor-position-right .elementor-image-box-wrapper{display:flex}.elementor-widget-image-box.elementor-position-right .elementor-image-box-wrapper{text-align:right;flex-direction:row-reverse}.elementor-widget-image-box.elementor-position-left .elementor-image-box-wrapper{text-align:left;flex-direction:row}.elementor-widget-image-box.elementor-position-top .elementor-image-box-img{margin:auto}.elementor-widget-image-box.elementor-vertical-align-top .elementor-image-box-wrapper{align-items:flex-start}.elementor-widget-image-box.elementor-vertical-align-middle .elementor-image-box-wrapper{align-items:center}.elementor-widget-image-box.elementor-vertical-align-bottom .elementor-image-box-wrapper{align-items:flex-end}}@media (max-width:767px){.elementor-widget-image-box .elementor-image-box-img{margin-left:auto!important;margin-right:auto!important;margin-bottom:15px}}.elementor-widget-image-box .elementor-image-box-img{display:inline-block}.elementor-widget-image-box .elementor-image-box-title a{color:inherit}.elementor-widget-image-box .elementor-image-box-wrapper{text-align:center}.elementor-widget-image-box .elementor-image-box-description{margin:0}<\/style><div class=\"elementor-image-box-wrapper\"><figure class=\"elementor-image-box-img\"><img loading=\"lazy\" decoding=\"async\" width=\"58\" height=\"58\" src=\"https:\/\/dotzen.mx\/wp-content\/uploads\/2022\/12\/features_icon1-6.png\" class=\"attachment-full size-full wp-image-2627\" alt=\"\" \/><\/figure><div class=\"elementor-image-box-content\"><h3 class=\"elementor-image-box-title\">Unidad<\/h3><p class=\"elementor-image-box-description\">Un solo prop\u00f3sito, ideas afines y observaci\u00f3n de sus integrantes, de la filosof\u00eda y c\u00f3digo de \u00e9tica de nuestra empresa. \n<\/p><\/div><\/div>\t\t<\/div>\n\t\t\t\t<\/div>\n\t\t\t\t<div class=\"elementor-element elementor-element-8f406e1 elementor-position-left elementor-vertical-align-top elementor-widget elementor-widget-image-box\" data-id=\"8f406e1\" data-element_type=\"widget\" data-widget_type=\"image-box.default\">\n\t\t\t\t<div class=\"elementor-widget-container\">\n\t\t\t<div class=\"elementor-image-box-wrapper\"><figure class=\"elementor-image-box-img\"><img loading=\"lazy\" decoding=\"async\" width=\"31\" height=\"47\" src=\"https:\/\/dotzen.mx\/wp-content\/uploads\/2019\/03\/best_icon1-2-6.png\" class=\"attachment-full size-full wp-image-2516\" alt=\"\" \/><\/figure><div class=\"elementor-image-box-content\"><h3 class=\"elementor-image-box-title\">Responsabilidad<\/h3><p class=\"elementor-image-box-description\">El compromiso de nuestros integrantes por cada acuerdo, y toma de decisiones para el desarrollo de nuestras actividades.\n<\/p><\/div><\/div>\t\t<\/div>\n\t\t\t\t<\/div>\n\t\t\t\t<div class=\"elementor-element elementor-element-eb0486f elementor-position-left elementor-vertical-align-top elementor-widget elementor-widget-image-box\" data-id=\"eb0486f\" data-element_type=\"widget\" data-widget_type=\"image-box.default\">\n\t\t\t\t<div class=\"elementor-widget-container\">\n\t\t\t<div class=\"elementor-image-box-wrapper\"><figure class=\"elementor-image-box-img\"><img loading=\"lazy\" decoding=\"async\" width=\"56\" height=\"57\" src=\"https:\/\/dotzen.mx\/wp-content\/uploads\/2022\/12\/features_icon3-6.png\" class=\"attachment-full size-full wp-image-2628\" alt=\"\" \/><\/figure><div class=\"elementor-image-box-content\"><h3 class=\"elementor-image-box-title\">Honestidad e integridad<\/h3><p class=\"elementor-image-box-description\">Todos nuestros trabajos se realizan conforme a lo pactado con anterioridad con nuestros clientes.  \n<\/p><\/div><\/div>\t\t<\/div>\n\t\t\t\t<\/div>\n\t\t\t\t\t<\/div>\n\t\t<\/div>\n\t\t\t\t\t\t\t<\/div>\n\t\t<\/section>\n\t\t\t\t<section class=\"elementor-section elementor-inner-section elementor-element elementor-element-ad80d3e elementor-section-boxed elementor-section-height-default elementor-section-height-default\" data-id=\"ad80d3e\" data-element_type=\"section\" data-settings=\"{&quot;background_background&quot;:&quot;classic&quot;}\">\n\t\t\t\t\t\t<div class=\"elementor-container elementor-column-gap-no\">\n\t\t\t\t\t<div class=\"elementor-column elementor-col-100 elementor-inner-column elementor-element elementor-element-33f4de6\" data-id=\"33f4de6\" data-element_type=\"column\">\n\t\t\t<div class=\"elementor-widget-wrap\">\n\t\t\t\t\t\t\t\t\t<\/div>\n\t\t<\/div>\n\t\t\t\t\t\t\t<\/div>\n\t\t<\/section>\n\t\t\t\t<section class=\"elementor-section elementor-top-section elementor-element elementor-element-2bb1b48a elementor-section-full_width elementor-section-height-default elementor-section-height-default\" data-id=\"2bb1b48a\" data-element_type=\"section\">\n\t\t\t\t\t\t<div class=\"elementor-container elementor-column-gap-no\">\n\t\t\t\t\t<div class=\"elementor-column elementor-col-50 elementor-top-column elementor-element elementor-element-66724316 mx-width-500 content-left elementor-invisible\" data-id=\"66724316\" data-element_type=\"column\" data-settings=\"{&quot;background_background&quot;:&quot;classic&quot;,&quot;animation&quot;:&quot;fadeInUp&quot;,&quot;animation_delay&quot;:300}\">\n\t\t\t<div class=\"elementor-widget-wrap elementor-element-populated\">\n\t\t\t\t\t\t\t\t<div class=\"elementor-element elementor-element-4eea92b9 elementor-widget elementor-widget-buildbench-title\" data-id=\"4eea92b9\" data-element_type=\"widget\" data-widget_type=\"buildbench-title.default\">\n\t\t\t\t<div class=\"elementor-widget-container\">\n\t\t\t         <div class=\"section-heading-content\">\n            <h2 class=\"section-title\">\n                <span class=\"sub-title\"><\/span>\n                 Estamos orgullosos de nuestra dedicaci\u00f3n y compromiso a la excelencia, y siempre buscamos proporcionar un excelente valor.                                   <span class=\"section-bar left\"><\/span>\n                            <\/h2>\n         <\/div><!-- Section title -->\t\t\n\n     \n    \t\t<\/div>\n\t\t\t\t<\/div>\n\t\t\t\t<div class=\"elementor-element elementor-element-16ae6781 elementor-align-left elementor-mobile-align-left elementor-widget elementor-widget-button\" data-id=\"16ae6781\" data-element_type=\"widget\" data-widget_type=\"button.default\">\n\t\t\t\t<div class=\"elementor-widget-container\">\n\t\t\t\t\t<div class=\"elementor-button-wrapper\">\n\t\t\t<a href=\"http:\/\/dotzen.mx\/?page_id=207\" class=\"elementor-button-link elementor-button elementor-size-md\" role=\"button\">\n\t\t\t\t\t\t<span class=\"elementor-button-content-wrapper\">\n\t\t\t\t\t\t\t<span class=\"elementor-button-icon elementor-align-icon-right\">\n\t\t\t\t\t\t\t<\/span>\n\t\t\t\t\t\t<span class=\"elementor-button-text\">Contacto<\/span>\n\t\t<\/span>\n\t\t\t\t\t<\/a>\n\t\t<\/div>\n\t\t\t\t<\/div>\n\t\t\t\t<\/div>\n\t\t\t\t\t<\/div>\n\t\t<\/div>\n\t\t\t\t<div class=\"elementor-column elementor-col-50 elementor-top-column elementor-element elementor-element-4512b3ab mx-width-500 elementor-invisible\" data-id=\"4512b3ab\" data-element_type=\"column\" data-settings=\"{&quot;background_background&quot;:&quot;classic&quot;,&quot;animation&quot;:&quot;fadeInUp&quot;,&quot;animation_delay&quot;:400}\">\n\t\t\t<div class=\"elementor-widget-wrap elementor-element-populated\">\n\t\t\t\t\t<div class=\"elementor-background-overlay\"><\/div>\n\t\t\t\t\t\t\t\t<div class=\"elementor-element elementor-element-260fb65e elementor-widget elementor-widget-buildbench-title\" data-id=\"260fb65e\" data-element_type=\"widget\" data-widget_type=\"buildbench-title.default\">\n\t\t\t\t<div class=\"elementor-widget-container\">\n\t\t\t         <div class=\"section-heading-content\">\n            <h2 class=\"section-title\">\n                <span class=\"sub-title\">Responsabilidad<\/span>\n                 Comprometidos con la excelencia                             <\/h2>\n         <\/div><!-- Section title -->\t\t\n\n     \n    \t\t<\/div>\n\t\t\t\t<\/div>\n\t\t\t\t<div class=\"elementor-element elementor-element-17243190 elementor-widget elementor-widget-text-editor\" data-id=\"17243190\" data-element_type=\"widget\" data-widget_type=\"text-editor.default\">\n\t\t\t\t<div class=\"elementor-widget-container\">\n\t\t\t\t\t\t\tEl esfuerzo diario por la calidad en nuestros servicios es basar una relaci\u00f3n de negocios a largo plazo con la filosof\u00eda ganar-ganar, conservando clientes ampliamente satisfechos, compartiendo nuestra experiencia de cada proyecto ejecutado.\n\t\t\t\t\t\t<\/div>\n\t\t\t\t<\/div>\n\t\t\t\t\t<\/div>\n\t\t<\/div>\n\t\t\t\t\t\t\t<\/div>\n\t\t<\/section>\n\t\t\t\t<section class=\"elementor-section elementor-top-section elementor-element elementor-element-52bc335 elementor-section-boxed elementor-section-height-default elementor-section-height-default\" data-id=\"52bc335\" data-element_type=\"section\" data-settings=\"{&quot;background_background&quot;:&quot;classic&quot;}\">\n\t\t\t\t\t\t<div class=\"elementor-container elementor-column-gap-no\">\n\t\t\t\t\t<div class=\"elementor-column elementor-col-100 elementor-top-column elementor-element elementor-element-5fabee3\" data-id=\"5fabee3\" data-element_type=\"column\">\n\t\t\t<div class=\"elementor-widget-wrap elementor-element-populated\">\n\t\t\t\t\t\t\t\t<div class=\"elementor-element elementor-element-de6747a elementor-widget elementor-widget-buildbench-title\" data-id=\"de6747a\" data-element_type=\"widget\" data-widget_type=\"buildbench-title.default\">\n\t\t\t\t<div class=\"elementor-widget-container\">\n\t\t\t         <div class=\"section-heading-content\">\n            <h2 class=\"section-title\">\n                <span class=\"sub-title\">Nuestros clientes<\/span>\n                 Testimonios                             <\/h2>\n         <\/div><!-- Section title -->\t\t\n\n     \n    \t\t<\/div>\n\t\t\t\t<\/div>\n\t\t\t\t<div class=\"elementor-element elementor-element-247bfd4 elementor-widget elementor-widget-buildbench-testimonial\" data-id=\"247bfd4\" data-element_type=\"widget\" data-widget_type=\"buildbench-testimonial.default\">\n\t\t\t\t<div class=\"elementor-widget-container\">\n\t\t\t       <section class=\"ts-testimonial-standard\">\n      <div class=\"testimonial-carousel owl-carousel\">\n          \n               <div class=\"testimonial-author-content\">\n                  <span class=\"testimonial-text\">\n                     <i class=\"fa fa-quote-left\" aria-hidden=\"true\"><\/i>\n                     &quot;Estoy sorprendido por la forma en que comprenden y ofrecen soluciones concretas a los problemas de sus clientes&quot;                   <\/span>\n                  <div class=\"testimonial-footer clearfix\">\n                                                \n                        <div class=\"pull-left mr-15\">\n                           <img decoding=\"async\" src=\"https:\/\/dotzen.mx\/wp-content\/uploads\/2022\/12\/team9-6.jpg\"  alt=\"Testimoinal\" class=\"img-fluid testimonial-img\">\n                        <\/div>     \n                     \n                                                   <h3 class=\"author-name\"> \n                              Adri\u00e1n Pe\u00f1a \n                           <\/h3>\n                           <span class=\"author-designation\"> \n                               \n                           <\/span>\n                  <\/div>\n            <\/div>\n          \n               <div class=\"testimonial-author-content\">\n                  <span class=\"testimonial-text\">\n                     <i class=\"fa fa-quote-left\" aria-hidden=\"true\"><\/i>\n                     &quot;Me brindaron la asesor\u00eda que buscaba justo en el momento indicado, lo cual permiti\u00f3 construir mi proyecto.                   <\/span>\n                  <div class=\"testimonial-footer clearfix\">\n                                                \n                        <div class=\"pull-left mr-15\">\n                           <img decoding=\"async\" src=\"https:\/\/dotzen.mx\/wp-content\/uploads\/2022\/12\/team10-6.jpg\"  alt=\"Testimoinal\" class=\"img-fluid testimonial-img\">\n                        <\/div>     \n                     \n                                                   <h3 class=\"author-name\"> \n                              Bruno Ortega \n                           <\/h3>\n                           <span class=\"author-designation\"> \n                               \n                           <\/span>\n                  <\/div>\n            <\/div>\n                 \n      <\/div>\n   <\/section>\n   \n      \t\t<\/div>\n\t\t\t\t<\/div>\n\t\t\t\t\t<\/div>\n\t\t<\/div>\n\t\t\t\t\t\t\t<\/div>\n\t\t<\/section>\n\t\t\t\t<section class=\"elementor-section elementor-top-section elementor-element elementor-element-36d3061 elementor-section-boxed elementor-section-height-default elementor-section-height-default\" data-id=\"36d3061\" data-element_type=\"section\">\n\t\t\t\t\t\t<div class=\"elementor-container elementor-column-gap-default\">\n\t\t\t\t\t<div class=\"elementor-column elementor-col-100 elementor-top-column elementor-element elementor-element-cbd618b\" data-id=\"cbd618b\" data-element_type=\"column\">\n\t\t\t<div class=\"elementor-widget-wrap elementor-element-populated\">\n\t\t\t\t\t\t\t\t<div class=\"elementor-element elementor-element-d3ab0ba elementor-widget elementor-widget-image-carousel\" data-id=\"d3ab0ba\" data-element_type=\"widget\" data-settings=\"{&quot;slides_to_show&quot;:&quot;5&quot;,&quot;slides_to_scroll&quot;:&quot;1&quot;,&quot;navigation&quot;:&quot;none&quot;,&quot;image_spacing_custom&quot;:{&quot;unit&quot;:&quot;px&quot;,&quot;size&quot;:45,&quot;sizes&quot;:[]},&quot;slides_to_show_tablet&quot;:&quot;3&quot;,&quot;autoplay&quot;:&quot;yes&quot;,&quot;pause_on_hover&quot;:&quot;yes&quot;,&quot;pause_on_interaction&quot;:&quot;yes&quot;,&quot;autoplay_speed&quot;:5000,&quot;infinite&quot;:&quot;yes&quot;,&quot;speed&quot;:500,&quot;image_spacing_custom_tablet&quot;:{&quot;unit&quot;:&quot;px&quot;,&quot;size&quot;:&quot;&quot;,&quot;sizes&quot;:[]},&quot;image_spacing_custom_mobile&quot;:{&quot;unit&quot;:&quot;px&quot;,&quot;size&quot;:&quot;&quot;,&quot;sizes&quot;:[]}}\" data-widget_type=\"image-carousel.default\">\n\t\t\t\t<div class=\"elementor-widget-container\">\n\t\t\t<style>\/*! elementor - v3.13.2 - 11-05-2023 *\/\n.elementor-widget-image-carousel .swiper,.elementor-widget-image-carousel .swiper-container{position:static}.elementor-widget-image-carousel .swiper-container .swiper-slide figure,.elementor-widget-image-carousel .swiper .swiper-slide figure{line-height:inherit}.elementor-widget-image-carousel .swiper-slide{text-align:center}.elementor-image-carousel-wrapper:not(.swiper-container-initialized):not(.swiper-initialized) .swiper-slide{max-width:calc(100% \/ var(--e-image-carousel-slides-to-show, 3))}<\/style>\t\t<div class=\"elementor-image-carousel-wrapper swiper\" dir=\"ltr\">\n\t\t\t<div class=\"elementor-image-carousel swiper-wrapper\">\n\t\t\t\t\t\t\t\t<div class=\"swiper-slide\"><figure class=\"swiper-slide-inner\"><img decoding=\"async\" class=\"swiper-slide-image\" src=\"https:\/\/dotzen.mx\/wp-content\/uploads\/2022\/12\/logo01-min-7.png\" alt=\"logo01-min-7\" \/><\/figure><\/div><div class=\"swiper-slide\"><figure class=\"swiper-slide-inner\"><img decoding=\"async\" class=\"swiper-slide-image\" src=\"https:\/\/dotzen.mx\/wp-content\/uploads\/2022\/12\/logo02-min-7.png\" alt=\"logo02-min-7\" \/><\/figure><\/div><div class=\"swiper-slide\"><figure class=\"swiper-slide-inner\"><img decoding=\"async\" class=\"swiper-slide-image\" src=\"https:\/\/dotzen.mx\/wp-content\/uploads\/2022\/12\/logo03-min-1-6.png\" alt=\"logo03-min-1-6\" \/><\/figure><\/div><div class=\"swiper-slide\"><figure class=\"swiper-slide-inner\"><img decoding=\"async\" class=\"swiper-slide-image\" src=\"https:\/\/dotzen.mx\/wp-content\/uploads\/2022\/12\/logo04-min-1-6.png\" alt=\"logo04-min-1-6\" \/><\/figure><\/div><div class=\"swiper-slide\"><figure class=\"swiper-slide-inner\"><img decoding=\"async\" class=\"swiper-slide-image\" src=\"https:\/\/dotzen.mx\/wp-content\/uploads\/2022\/12\/logo05-min-1-6.png\" alt=\"logo05-min-1-6\" \/><\/figure><\/div>\t\t\t<\/div>\n\t\t\t\t\t\t\t\t\t\t\t\t\t\t\t\t<\/div>\n\t\t\t\t<\/div>\n\t\t\t\t<\/div>\n\t\t\t\t\t<\/div>\n\t\t<\/div>\n\t\t\t\t\t\t\t<\/div>\n\t\t<\/section>\n\t\t\t\t\t\t\t<\/div>\n\t\t","protected":false},"excerpt":{"rendered":"<p>Nosotros Nosotros somos una empresa dedicada a la construcci\u00f3n, obras, urbanizaci\u00f3n, servicios, ingenier\u00eda, comercio y suministro de materiales. Estamos comprometidos a ofrecer los mejores servicios y materiales para llevar a cabo cualquier proyecto de construcci\u00f3n, obra o urbanizaci\u00f3n. Nuestros ingenieros trabajan mano a mano con nuestros clientes para garantizar la mejor soluci\u00f3n posible para cada [&hellip;]<\/p>\n","protected":false},"author":1,"featured_media":0,"parent":0,"menu_order":0,"comment_status":"closed","ping_status":"closed","template":"template\/full-width-template.php","meta":{"footnotes":""},"class_list":["post-162","page","type-page","status-publish","hentry"],"_links":{"self":[{"href":"https:\/\/dotzen.mx\/index.php?rest_route=\/wp\/v2\/pages\/162","targetHints":{"allow":["GET"]}}],"collection":[{"href":"https:\/\/dotzen.mx\/index.php?rest_route=\/wp\/v2\/pages"}],"about":[{"href":"https:\/\/dotzen.mx\/index.php?rest_route=\/wp\/v2\/types\/page"}],"author":[{"embeddable":true,"href":"https:\/\/dotzen.mx\/index.php?rest_route=\/wp\/v2\/users\/1"}],"replies":[{"embeddable":true,"href":"https:\/\/dotzen.mx\/index.php?rest_route=%2Fwp%2Fv2%2Fcomments&post=162"}],"version-history":[{"count":53,"href":"https:\/\/dotzen.mx\/index.php?rest_route=\/wp\/v2\/pages\/162\/revisions"}],"predecessor-version":[{"id":2919,"href":"https:\/\/dotzen.mx\/index.php?rest_route=\/wp\/v2\/pages\/162\/revisions\/2919"}],"wp:attachment":[{"href":"https:\/\/dotzen.mx\/index.php?rest_route=%2Fwp%2Fv2%2Fmedia&parent=162"}],"curies":[{"name":"wp","href":"https:\/\/api.w.org\/{rel}","templated":true}]}}