{"id":179,"date":"2019-03-13T06:47:12","date_gmt":"2019-03-13T06:47:12","guid":{"rendered":"http:\/\/localhost\/buildbench\/?page_id=179"},"modified":"2023-03-12T03:42:01","modified_gmt":"2023-03-12T03:42:01","slug":"servicios","status":"publish","type":"page","link":"https:\/\/dotzen.mx\/?page_id=179","title":{"rendered":"Servicios"},"content":{"rendered":"\t\t<div data-elementor-type=\"wp-post\" data-elementor-id=\"179\" class=\"elementor elementor-179\">\n\t\t\t\t\t\t\t\t\t<section class=\"elementor-section elementor-top-section elementor-element elementor-element-64cb228 elementor-section-boxed elementor-section-height-default elementor-section-height-default\" data-id=\"64cb228\" data-element_type=\"section\">\n\t\t\t\t\t\t<div class=\"elementor-container elementor-column-gap-default\">\n\t\t\t\t\t<div class=\"elementor-column elementor-col-100 elementor-top-column elementor-element elementor-element-f3c2ee9\" data-id=\"f3c2ee9\" data-element_type=\"column\">\n\t\t\t<div class=\"elementor-widget-wrap elementor-element-populated\">\n\t\t\t\t\t\t\t\t<div class=\"elementor-element elementor-element-6cb1a7f elementor-widget elementor-widget-buildbench-title\" data-id=\"6cb1a7f\" data-element_type=\"widget\" data-widget_type=\"buildbench-title.default\">\n\t\t\t\t<div class=\"elementor-widget-container\">\n\t\t\t         <div class=\"section-heading-content\">\n            <h2 class=\"section-title\">\n                <span class=\"sub-title\">Servicios<\/span>\n                 Conoce nuestros servicios                             <\/h2>\n         <\/div><!-- Section title -->\t\t\n\n     \n    \t\t<\/div>\n\t\t\t\t<\/div>\n\t\t\t\t<section class=\"elementor-section elementor-inner-section elementor-element elementor-element-3b3aeb4 elementor-section-boxed elementor-section-height-default elementor-section-height-default\" data-id=\"3b3aeb4\" data-element_type=\"section\">\n\t\t\t\t\t\t<div class=\"elementor-container elementor-column-gap-default\">\n\t\t\t\t\t<div class=\"elementor-column elementor-col-33 elementor-inner-column elementor-element elementor-element-22786ae\" data-id=\"22786ae\" data-element_type=\"column\">\n\t\t\t<div class=\"elementor-widget-wrap elementor-element-populated\">\n\t\t\t\t\t\t\t\t<div class=\"elementor-element elementor-element-6df5e2e elementor-widget elementor-widget-buildbench-service\" data-id=\"6df5e2e\" data-element_type=\"widget\" data-widget_type=\"buildbench-service.default\">\n\t\t\t\t<div class=\"elementor-widget-container\">\n\t\t\t                                       <div class=\"ts-service\">\n                     <div class=\"ts-service-box \">\n                                                                     <div class=\"ts-service-box-img pull-left\">\n                                                                                                               <img decoding=\"async\" src=\"https:\/\/dotzen.mx\/wp-content\/uploads\/2022\/12\/working1-6.png\" >\n                                     \n                                    <\/div>\n                                    <div class=\"ts-service-box-info\">\n                                       <h3 class=\"ts-title\"><a href=\"https:\/\/dotzen.mx\/?ts-service=building-staffs\">Consultor\u00eda y asistencia<\/a><\/h3>\n                                       <p>Proporcionamos asesor\u00eda y asistencia t\u00e9cnica en materia industrial, contable, legal y laboral.\r\n<\/p>\n                                 <\/div>\n                     <\/div><!-- Service 2 end -->\n                  <\/div>\n                            \n            \t\t<\/div>\n\t\t\t\t<\/div>\n\t\t\t\t<div class=\"elementor-element elementor-element-549d863 elementor-widget elementor-widget-buildbench-service\" data-id=\"549d863\" data-element_type=\"widget\" data-widget_type=\"buildbench-service.default\">\n\t\t\t\t<div class=\"elementor-widget-container\">\n\t\t\t                                       <div class=\"ts-service\">\n                     <div class=\"ts-service-box \">\n                                                                     <div class=\"ts-service-box-img pull-left\">\n                                                                                                               <img decoding=\"async\" src=\"https:\/\/dotzen.mx\/wp-content\/uploads\/2019\/03\/service1-6.png\" >\n                                     \n                                    <\/div>\n                                    <div class=\"ts-service-box-info\">\n                                       <h3 class=\"ts-title\"><a href=\"https:\/\/dotzen.mx\/?ts-service=crane-service\">Suministro de materiales<\/a><\/h3>\n                                       <p>Proveemos y distribuimos materiales, equipos, maquinaria, herramientas y materias primas relacionados con la construcci\u00f3n. \r\n<\/p>\n                                 <\/div>\n                     <\/div><!-- Service 2 end -->\n                  <\/div>\n                            \n            \t\t<\/div>\n\t\t\t\t<\/div>\n\t\t\t\t\t<\/div>\n\t\t<\/div>\n\t\t\t\t<div class=\"elementor-column elementor-col-33 elementor-inner-column elementor-element elementor-element-aafa112\" data-id=\"aafa112\" data-element_type=\"column\">\n\t\t\t<div class=\"elementor-widget-wrap elementor-element-populated\">\n\t\t\t\t\t\t\t\t<div class=\"elementor-element elementor-element-b9cb288 elementor-widget elementor-widget-buildbench-service\" data-id=\"b9cb288\" data-element_type=\"widget\" data-widget_type=\"buildbench-service.default\">\n\t\t\t\t<div class=\"elementor-widget-container\">\n\t\t\t                                       <div class=\"ts-service\">\n                     <div class=\"ts-service-box \">\n                                                                     <div class=\"ts-service-box-img pull-left\">\n                                                                                                               <img decoding=\"async\" src=\"https:\/\/dotzen.mx\/wp-content\/uploads\/2022\/12\/working1-6.png\" >\n                                     \n                                    <\/div>\n                                    <div class=\"ts-service-box-info\">\n                                       <h3 class=\"ts-title\"><a href=\"https:\/\/dotzen.mx\/?ts-service=material-supply\">Asesor\u00eda en licitaciones<\/a><\/h3>\n                                       <p>Otorgamos asesor\u00eda especializada en las diversas etapas de los procedimientos de licitaci\u00f3n p\u00fablica. \r\n<\/p>\n                                 <\/div>\n                     <\/div><!-- Service 2 end -->\n                  <\/div>\n                            \n            \t\t<\/div>\n\t\t\t\t<\/div>\n\t\t\t\t<div class=\"elementor-element elementor-element-a94efb7 elementor-widget elementor-widget-buildbench-service\" data-id=\"a94efb7\" data-element_type=\"widget\" data-widget_type=\"buildbench-service.default\">\n\t\t\t\t<div class=\"elementor-widget-container\">\n\t\t\t                                       <div class=\"ts-service\">\n                     <div class=\"ts-service-box \">\n                                                                     <div class=\"ts-service-box-img pull-left\">\n                                                                                                               <img decoding=\"async\" src=\"https:\/\/dotzen.mx\/wp-content\/uploads\/2019\/03\/service3-6.png\" >\n                                     \n                                    <\/div>\n                                    <div class=\"ts-service-box-info\">\n                                       <h3 class=\"ts-title\"><a href=\"https:\/\/dotzen.mx\/?ts-service=architecture\">Estudios Urban\u00edsticos<\/a><\/h3>\n                                       <p>Elaboramos y desarrollamos estudios territoriales y urbanos a detalle para el dise\u00f1o de diversos espacios. \r\n<\/p>\n                                 <\/div>\n                     <\/div><!-- Service 2 end -->\n                  <\/div>\n                            \n            \t\t<\/div>\n\t\t\t\t<\/div>\n\t\t\t\t\t<\/div>\n\t\t<\/div>\n\t\t\t\t<div class=\"elementor-column elementor-col-33 elementor-inner-column elementor-element elementor-element-fbf5ebd\" data-id=\"fbf5ebd\" data-element_type=\"column\">\n\t\t\t<div class=\"elementor-widget-wrap elementor-element-populated\">\n\t\t\t\t\t\t\t\t<div class=\"elementor-element elementor-element-b76f8fc elementor-widget elementor-widget-buildbench-service\" data-id=\"b76f8fc\" data-element_type=\"widget\" data-widget_type=\"buildbench-service.default\">\n\t\t\t\t<div class=\"elementor-widget-container\">\n\t\t\t                                       <div class=\"ts-service\">\n                     <div class=\"ts-service-box \">\n                                                                     <div class=\"ts-service-box-img pull-left\">\n                                                                                                               <img decoding=\"async\" src=\"https:\/\/dotzen.mx\/wp-content\/uploads\/2022\/12\/features_icon1-6.png\" >\n                                     \n                                    <\/div>\n                                    <div class=\"ts-service-box-info\">\n                                       <h3 class=\"ts-title\"><a href=\"https:\/\/dotzen.mx\/?ts-service=land-minning\">Dise\u00f1o y arquitect\u00f3nico<\/a><\/h3>\n                                       <p>Ofrecemos servicios de dise\u00f1o, planificaci\u00f3n, remodelaci\u00f3n y mantenimiento de proyectos arquitect\u00f3nicos. \r\n<\/p>\n                                 <\/div>\n                     <\/div><!-- Service 2 end -->\n                  <\/div>\n                            \n            \t\t<\/div>\n\t\t\t\t<\/div>\n\t\t\t\t<div class=\"elementor-element elementor-element-1f14aaa elementor-widget elementor-widget-buildbench-service\" data-id=\"1f14aaa\" data-element_type=\"widget\" data-widget_type=\"buildbench-service.default\">\n\t\t\t\t<div class=\"elementor-widget-container\">\n\t\t\t                                       <div class=\"ts-service\">\n                     <div class=\"ts-service-box \">\n                                                                     <div class=\"ts-service-box-img pull-left\">\n                                                                                                               <img decoding=\"async\" src=\"https:\/\/dotzen.mx\/wp-content\/uploads\/2022\/12\/working3-6.png\" >\n                                     \n                                    <\/div>\n                                    <div class=\"ts-service-box-info\">\n                                       <h3 class=\"ts-title\"><a href=\"https:\/\/dotzen.mx\/?ts-service=diseno-y-planificacion-arquitectonica\">Tr\u00e1mites y licencias<\/a><\/h3>\n                                       <p>Ofrecemos servicios para diversos tr\u00e1mites como permisos, autorizaciones o licencias relacionados con el sector. \r\n<\/p>\n                                 <\/div>\n                     <\/div><!-- Service 2 end -->\n                  <\/div>\n                            \n            \t\t<\/div>\n\t\t\t\t<\/div>\n\t\t\t\t\t<\/div>\n\t\t<\/div>\n\t\t\t\t\t\t\t<\/div>\n\t\t<\/section>\n\t\t\t\t\t<\/div>\n\t\t<\/div>\n\t\t\t\t\t\t\t<\/div>\n\t\t<\/section>\n\t\t\t\t<section class=\"elementor-section elementor-top-section elementor-element elementor-element-7e7c826 elementor-section-boxed elementor-section-height-default elementor-section-height-default\" data-id=\"7e7c826\" data-element_type=\"section\" data-settings=\"{&quot;background_background&quot;:&quot;classic&quot;}\">\n\t\t\t\t\t\t<div class=\"elementor-container elementor-column-gap-no\">\n\t\t\t\t\t<div class=\"elementor-column elementor-col-100 elementor-top-column elementor-element elementor-element-63b5187\" data-id=\"63b5187\" data-element_type=\"column\">\n\t\t\t<div class=\"elementor-widget-wrap elementor-element-populated\">\n\t\t\t\t\t\t\t\t<div class=\"elementor-element elementor-element-67658cf elementor-widget elementor-widget-buildbench-title\" data-id=\"67658cf\" data-element_type=\"widget\" data-widget_type=\"buildbench-title.default\">\n\t\t\t\t<div class=\"elementor-widget-container\">\n\t\t\t         <div class=\"section-heading-content\">\n            <h2 class=\"section-title\">\n                <span class=\"sub-title\">Clientes satisfechos<\/span>\n                 Nuestros clientes                             <\/h2>\n         <\/div><!-- Section title -->\t\t\n\n     \n    \t\t<\/div>\n\t\t\t\t<\/div>\n\t\t\t\t<div class=\"elementor-element elementor-element-405e108 elementor-invisible elementor-widget elementor-widget-buildbench-testimonial\" data-id=\"405e108\" data-element_type=\"widget\" data-settings=\"{&quot;_animation_delay&quot;:350,&quot;_animation&quot;:&quot;fadeInUp&quot;}\" data-widget_type=\"buildbench-testimonial.default\">\n\t\t\t\t<div class=\"elementor-widget-container\">\n\t\t\t       <section class=\"ts-testimonial-standard\">\n      <div class=\"testimonial-carousel owl-carousel\">\n          \n               <div class=\"testimonial-author-content\">\n                  <span class=\"testimonial-text\">\n                     <i class=\"fa fa-quote-left\" aria-hidden=\"true\"><\/i>\n                     &quot;Agradezco a DOTZEN por  la atenci\u00f3n que me brindaron desde el primer momento hasta el conclusi\u00f3n del proyecto&quot;.                   <\/span>\n                  <div class=\"testimonial-footer clearfix\">\n                                                \n                        <div class=\"pull-left mr-15\">\n                           <img decoding=\"async\" src=\"https:\/\/dotzen.mx\/wp-content\/uploads\/2022\/12\/team10-6.jpg\"  alt=\"Testimoinal\" class=\"img-fluid testimonial-img\">\n                        <\/div>     \n                     \n                                                   <h3 class=\"author-name\"> \n                              Luis Montero \n                           <\/h3>\n                           <span class=\"author-designation\"> \n                               \n                           <\/span>\n                  <\/div>\n            <\/div>\n          \n               <div class=\"testimonial-author-content\">\n                  <span class=\"testimonial-text\">\n                     <i class=\"fa fa-quote-left\" aria-hidden=\"true\"><\/i>\n                     &quot;Estoy sorprendido por la forma en que comprenden y ofrecen soluciones concretas a los problemas de sus clientes&quot;                  <\/span>\n                  <div class=\"testimonial-footer clearfix\">\n                                                \n                        <div class=\"pull-left mr-15\">\n                           <img decoding=\"async\" src=\"https:\/\/dotzen.mx\/wp-content\/uploads\/2022\/12\/team11-6.jpg\"  alt=\"Testimoinal\" class=\"img-fluid testimonial-img\">\n                        <\/div>     \n                     \n                                                   <h3 class=\"author-name\"> \n                              Adri\u00e1n Pe\u00f1a \n                           <\/h3>\n                           <span class=\"author-designation\"> \n                               \n                           <\/span>\n                  <\/div>\n            <\/div>\n                 \n      <\/div>\n   <\/section>\n   \n      \t\t<\/div>\n\t\t\t\t<\/div>\n\t\t\t\t\t<\/div>\n\t\t<\/div>\n\t\t\t\t\t\t\t<\/div>\n\t\t<\/section>\n\t\t\t\t<section class=\"elementor-section elementor-top-section elementor-element elementor-element-3d3d485 elementor-section-boxed elementor-section-height-default elementor-section-height-default\" data-id=\"3d3d485\" data-element_type=\"section\">\n\t\t\t\t\t\t<div class=\"elementor-container elementor-column-gap-default\">\n\t\t\t\t\t<div class=\"elementor-column elementor-col-100 elementor-top-column elementor-element elementor-element-781244c\" data-id=\"781244c\" data-element_type=\"column\">\n\t\t\t<div class=\"elementor-widget-wrap elementor-element-populated\">\n\t\t\t\t\t\t\t\t<div class=\"elementor-element elementor-element-68696e3 elementor-widget elementor-widget-buildbench-title\" data-id=\"68696e3\" data-element_type=\"widget\" data-widget_type=\"buildbench-title.default\">\n\t\t\t\t<div class=\"elementor-widget-container\">\n\t\t\t         <div class=\"section-heading-content\">\n            <h2 class=\"section-title\">\n                <span class=\"sub-title\">Clientes<\/span>\n                 Nuestros clientes                             <\/h2>\n         <\/div><!-- Section title -->\t\t\n\n     \n    \t\t<\/div>\n\t\t\t\t<\/div>\n\t\t\t\t\t<\/div>\n\t\t<\/div>\n\t\t\t\t\t\t\t<\/div>\n\t\t<\/section>\n\t\t\t\t<section class=\"elementor-section elementor-top-section elementor-element elementor-element-623fce9 elementor-section-boxed elementor-section-height-default elementor-section-height-default\" data-id=\"623fce9\" data-element_type=\"section\">\n\t\t\t\t\t\t<div class=\"elementor-container elementor-column-gap-default\">\n\t\t\t\t\t<div class=\"elementor-column elementor-col-100 elementor-top-column elementor-element elementor-element-283fd30\" data-id=\"283fd30\" data-element_type=\"column\">\n\t\t\t<div class=\"elementor-widget-wrap elementor-element-populated\">\n\t\t\t\t\t\t\t\t<div class=\"elementor-element elementor-element-d4bdd88 elementor-widget elementor-widget-image-carousel\" data-id=\"d4bdd88\" data-element_type=\"widget\" data-settings=\"{&quot;slides_to_show&quot;:&quot;5&quot;,&quot;slides_to_scroll&quot;:&quot;1&quot;,&quot;navigation&quot;:&quot;none&quot;,&quot;image_spacing_custom&quot;:{&quot;unit&quot;:&quot;px&quot;,&quot;size&quot;:45,&quot;sizes&quot;:[]},&quot;slides_to_show_tablet&quot;:&quot;3&quot;,&quot;autoplay&quot;:&quot;yes&quot;,&quot;pause_on_hover&quot;:&quot;yes&quot;,&quot;pause_on_interaction&quot;:&quot;yes&quot;,&quot;autoplay_speed&quot;:5000,&quot;infinite&quot;:&quot;yes&quot;,&quot;speed&quot;:500,&quot;image_spacing_custom_tablet&quot;:{&quot;unit&quot;:&quot;px&quot;,&quot;size&quot;:&quot;&quot;,&quot;sizes&quot;:[]},&quot;image_spacing_custom_mobile&quot;:{&quot;unit&quot;:&quot;px&quot;,&quot;size&quot;:&quot;&quot;,&quot;sizes&quot;:[]}}\" data-widget_type=\"image-carousel.default\">\n\t\t\t\t<div class=\"elementor-widget-container\">\n\t\t\t<style>\/*! elementor - v3.13.2 - 11-05-2023 *\/\n.elementor-widget-image-carousel .swiper,.elementor-widget-image-carousel .swiper-container{position:static}.elementor-widget-image-carousel .swiper-container .swiper-slide figure,.elementor-widget-image-carousel .swiper .swiper-slide figure{line-height:inherit}.elementor-widget-image-carousel .swiper-slide{text-align:center}.elementor-image-carousel-wrapper:not(.swiper-container-initialized):not(.swiper-initialized) .swiper-slide{max-width:calc(100% \/ var(--e-image-carousel-slides-to-show, 3))}<\/style>\t\t<div class=\"elementor-image-carousel-wrapper swiper\" dir=\"ltr\">\n\t\t\t<div class=\"elementor-image-carousel swiper-wrapper\">\n\t\t\t\t\t\t\t\t<div class=\"swiper-slide\"><figure class=\"swiper-slide-inner\"><img decoding=\"async\" class=\"swiper-slide-image\" src=\"https:\/\/dotzen.mx\/wp-content\/uploads\/2022\/12\/logo01-min-7.png\" alt=\"logo01-min-7\" \/><\/figure><\/div><div class=\"swiper-slide\"><figure class=\"swiper-slide-inner\"><img decoding=\"async\" class=\"swiper-slide-image\" src=\"https:\/\/dotzen.mx\/wp-content\/uploads\/2022\/12\/logo02-min-7.png\" alt=\"logo02-min-7\" \/><\/figure><\/div><div class=\"swiper-slide\"><figure class=\"swiper-slide-inner\"><img decoding=\"async\" class=\"swiper-slide-image\" src=\"https:\/\/dotzen.mx\/wp-content\/uploads\/2022\/12\/logo03-min-1-6.png\" alt=\"logo03-min-1-6\" \/><\/figure><\/div><div class=\"swiper-slide\"><figure class=\"swiper-slide-inner\"><img decoding=\"async\" class=\"swiper-slide-image\" src=\"https:\/\/dotzen.mx\/wp-content\/uploads\/2022\/12\/logo04-min-1-6.png\" alt=\"logo04-min-1-6\" \/><\/figure><\/div><div class=\"swiper-slide\"><figure class=\"swiper-slide-inner\"><img decoding=\"async\" class=\"swiper-slide-image\" src=\"https:\/\/dotzen.mx\/wp-content\/uploads\/2022\/12\/logo05-min-1-6.png\" alt=\"logo05-min-1-6\" \/><\/figure><\/div>\t\t\t<\/div>\n\t\t\t\t\t\t\t\t\t\t\t\t\t\t\t\t<\/div>\n\t\t\t\t<\/div>\n\t\t\t\t<\/div>\n\t\t\t\t\t<\/div>\n\t\t<\/div>\n\t\t\t\t\t\t\t<\/div>\n\t\t<\/section>\n\t\t\t\t\t\t\t<\/div>\n\t\t","protected":false},"excerpt":{"rendered":"<p>Servicios Conoce nuestros servicios Building Staffs Benefit of the socie where we oper ate success for the website Crane Service Benefit of the socie where we oper ate success for the website Material Supply Benefit of the socie where we oper ate success for the website Architecture Benefit of the socie where we oper ate [&hellip;]<\/p>\n","protected":false},"author":1,"featured_media":0,"parent":0,"menu_order":0,"comment_status":"closed","ping_status":"closed","template":"template\/full-width-template.php","meta":{"footnotes":""},"class_list":["post-179","page","type-page","status-publish","hentry"],"_links":{"self":[{"href":"https:\/\/dotzen.mx\/index.php?rest_route=\/wp\/v2\/pages\/179","targetHints":{"allow":["GET"]}}],"collection":[{"href":"https:\/\/dotzen.mx\/index.php?rest_route=\/wp\/v2\/pages"}],"about":[{"href":"https:\/\/dotzen.mx\/index.php?rest_route=\/wp\/v2\/types\/page"}],"author":[{"embeddable":true,"href":"https:\/\/dotzen.mx\/index.php?rest_route=\/wp\/v2\/users\/1"}],"replies":[{"embeddable":true,"href":"https:\/\/dotzen.mx\/index.php?rest_route=%2Fwp%2Fv2%2Fcomments&post=179"}],"version-history":[{"count":13,"href":"https:\/\/dotzen.mx\/index.php?rest_route=\/wp\/v2\/pages\/179\/revisions"}],"predecessor-version":[{"id":2844,"href":"https:\/\/dotzen.mx\/index.php?rest_route=\/wp\/v2\/pages\/179\/revisions\/2844"}],"wp:attachment":[{"href":"https:\/\/dotzen.mx\/index.php?rest_route=%2Fwp%2Fv2%2Fmedia&parent=179"}],"curies":[{"name":"wp","href":"https:\/\/api.w.org\/{rel}","templated":true}]}}