{"id":2933,"date":"2023-03-30T01:18:14","date_gmt":"2023-03-30T01:18:14","guid":{"rendered":"https:\/\/dotzen.mx\/?page_id=2933"},"modified":"2023-03-30T01:23:43","modified_gmt":"2023-03-30T01:23:43","slug":"aviso-de-privacidad","status":"publish","type":"page","link":"https:\/\/dotzen.mx\/?page_id=2933","title":{"rendered":"AVISO DE PRIVACIDAD"},"content":{"rendered":"\t\t<div data-elementor-type=\"wp-page\" data-elementor-id=\"2933\" class=\"elementor elementor-2933\">\n\t\t\t\t\t\t\t\t\t<section class=\"elementor-section elementor-top-section elementor-element elementor-element-6c13ae18 elementor-section-boxed elementor-section-height-default elementor-section-height-default\" data-id=\"6c13ae18\" data-element_type=\"section\">\n\t\t\t\t\t\t<div class=\"elementor-container elementor-column-gap-default\">\n\t\t\t\t\t<div class=\"elementor-column elementor-col-100 elementor-top-column elementor-element elementor-element-e504864\" data-id=\"e504864\" data-element_type=\"column\">\n\t\t\t<div class=\"elementor-widget-wrap elementor-element-populated\">\n\t\t\t\t\t\t\t\t<div class=\"elementor-element elementor-element-052c0f7 elementor-widget elementor-widget-heading\" data-id=\"052c0f7\" data-element_type=\"widget\" data-widget_type=\"heading.default\">\n\t\t\t\t<div class=\"elementor-widget-container\">\n\t\t\t<style>\/*! elementor - v3.13.2 - 11-05-2023 *\/\n.elementor-heading-title{padding:0;margin:0;line-height:1}.elementor-widget-heading .elementor-heading-title[class*=elementor-size-]>a{color:inherit;font-size:inherit;line-height:inherit}.elementor-widget-heading .elementor-heading-title.elementor-size-small{font-size:15px}.elementor-widget-heading .elementor-heading-title.elementor-size-medium{font-size:19px}.elementor-widget-heading .elementor-heading-title.elementor-size-large{font-size:29px}.elementor-widget-heading .elementor-heading-title.elementor-size-xl{font-size:39px}.elementor-widget-heading .elementor-heading-title.elementor-size-xxl{font-size:59px}<\/style><h1 class=\"elementor-heading-title elementor-size-default\">Aviso de Privacidad<\/h1>\t\t<\/div>\n\t\t\t\t<\/div>\n\t\t\t\t<div class=\"elementor-element elementor-element-1b097a66 elementor-widget elementor-widget-text-editor\" data-id=\"1b097a66\" data-element_type=\"widget\" data-widget_type=\"text-editor.default\">\n\t\t\t\t<div class=\"elementor-widget-container\">\n\t\t\t<style>\/*! elementor - v3.13.2 - 11-05-2023 *\/\n.elementor-widget-text-editor.elementor-drop-cap-view-stacked .elementor-drop-cap{background-color:#69727d;color:#fff}.elementor-widget-text-editor.elementor-drop-cap-view-framed .elementor-drop-cap{color:#69727d;border:3px solid;background-color:transparent}.elementor-widget-text-editor:not(.elementor-drop-cap-view-default) .elementor-drop-cap{margin-top:8px}.elementor-widget-text-editor:not(.elementor-drop-cap-view-default) .elementor-drop-cap-letter{width:1em;height:1em}.elementor-widget-text-editor .elementor-drop-cap{float:left;text-align:center;line-height:1;font-size:50px}.elementor-widget-text-editor .elementor-drop-cap-letter{display:inline-block}<\/style>\t\t\t\tEn cumplimiento a lo dispuesto en la Ley Federal de Protecci\u00f3n de Datos Personales en Posesi\u00f3n de los Particulares, ponemos a su disposici\u00f3n el presente Aviso de Privacidad, que tiene como objeto informarle sobre el tratamiento que se le dar\u00e1 a sus datos personales cuando los mismos sean recabados, utilizados, almacenados y\/o transferidos por \u201cDOTZEN\u201d, con domicilio en: Calle Bosque de Cidros # 46, Dep. 503 Piso 5, Col. Bosque de Las Lomas, C.P. 05120, Alcald\u00eda Cuajimalpa de Morelos, Ciudad de M\u00e9xico.\nLos datos personales as\u00ed como aquella informaci\u00f3n clasificada como sensible, tanto de nuestros; clientes, proveedores, empleados, candidatos a empleados y terceros con los que \u201cDOTZEN\u201d, celebre o vaya a celebrar un contrato, ser\u00e1n recabados con la \u00fanica finalidad de prestar nuestros servicios legales.\n\u201cDOTZEN\u201d, podr\u00e1 recabar dicha informaci\u00f3n de manera personal o bien, directamente por cualquier medio electr\u00f3nico, \u00f3ptico, sonoro, visual, o a trav\u00e9s de cualquier otra tecnolog\u00eda. Asimismo, tiene la posibilidad de obtener datos personales, a trav\u00e9s de terceros y de otras fuentes permitidas por la Ley. Para las finalidades antes mencionadas, \u201cDOTZEN\u201d puede requerir los siguientes datos personales, de manera enunciativa m\u00e1s no limitativa: Datos de identificaci\u00f3n, nombre completo, direcci\u00f3n, tel\u00e9fono de casa, celular y\/o de trabajo, estado civil, firma, correo electr\u00f3nico, R.F.C., C.U.R.P., lugar y fecha de nacimiento, edad, entre otros; Datos laborales: ocupaci\u00f3n, puesto, \u00e1rea o departamento, domicilio, tel\u00e9fono y correo de trabajo, referencias laborales, referencias personales y referencias comerciales, entre otros; Datos personales sensibles: afiliaci\u00f3n sindical, creencias religiosas y otros que pueden ser as\u00ed considerados.\nTodos los Datos Personales proporcionados a \u201cDOTZEN\u201d, ser\u00e1n considerados como informaci\u00f3n confidencial, obligaci\u00f3n que subsistir\u00e1 a pesar de que el titular de dicha informaci\u00f3n haya finalizado su relaci\u00f3n con el despacho, asimismo dichos Datos Personales no ser\u00e1n divulgados a terceras personas sin la autorizaci\u00f3n de su titular.\nEl titular por s\u00ed o mediante representante legal debidamente acreditado, podr\u00e1 ejercer sus derechos de acceso, rectificaci\u00f3n, cancelaci\u00f3n y oposici\u00f3n sobre sus datos personales, as\u00ed como de oponerse al tratamiento de los mismos o revocar el consentimiento que para tal fin nos haya otorgado, presentando su solicitud a trav\u00e9s de escrito dirigido \u201cDOTZEN\u201d, a la siguiente direcci\u00f3n de correo electr\u00f3nico: contacto@dotzen.mx\n\u201cDOTZEN\u201d, se reserva el derecho de enmendar o modificar el presente Aviso de Privacidad como estime conveniente, por ejemplo, para cumplir con cambios a la legislaci\u00f3n sobre protecci\u00f3n de datos o para efecto de cumplir con las disposiciones internas de  \u201cDOTZEN\u201d, le informar\u00e1 y pondr\u00e1 a su disposici\u00f3n el Aviso de Privacidad actualizado cuando se le hagan cambios significativos al mismo, as\u00ed como cuando se requiera recabar su consentimiento. La versi\u00f3n actualizada de nuestro Aviso de Privacidad estar\u00e1 disponible en la siguiente p\u00e1gina de internet: www.dotzen.mx\t\t\t\t\t\t<\/div>\n\t\t\t\t<\/div>\n\t\t\t\t\t<\/div>\n\t\t<\/div>\n\t\t\t\t\t\t\t<\/div>\n\t\t<\/section>\n\t\t\t\t\t\t\t<\/div>\n\t\t","protected":false},"excerpt":{"rendered":"<p>Aviso de Privacidad En cumplimiento a lo dispuesto en la Ley Federal de Protecci\u00f3n de Datos Personales en Posesi\u00f3n de los Particulares, ponemos a su disposici\u00f3n el presente Aviso de Privacidad, que tiene como objeto informarle sobre el tratamiento que se le dar\u00e1 a sus datos personales cuando los mismos sean recabados, utilizados, almacenados y\/o [&hellip;]<\/p>\n","protected":false},"author":1,"featured_media":0,"parent":0,"menu_order":0,"comment_status":"closed","ping_status":"closed","template":"elementor_header_footer","meta":{"footnotes":""},"class_list":["post-2933","page","type-page","status-publish","hentry"],"_links":{"self":[{"href":"https:\/\/dotzen.mx\/index.php?rest_route=\/wp\/v2\/pages\/2933","targetHints":{"allow":["GET"]}}],"collection":[{"href":"https:\/\/dotzen.mx\/index.php?rest_route=\/wp\/v2\/pages"}],"about":[{"href":"https:\/\/dotzen.mx\/index.php?rest_route=\/wp\/v2\/types\/page"}],"author":[{"embeddable":true,"href":"https:\/\/dotzen.mx\/index.php?rest_route=\/wp\/v2\/users\/1"}],"replies":[{"embeddable":true,"href":"https:\/\/dotzen.mx\/index.php?rest_route=%2Fwp%2Fv2%2Fcomments&post=2933"}],"version-history":[{"count":4,"href":"https:\/\/dotzen.mx\/index.php?rest_route=\/wp\/v2\/pages\/2933\/revisions"}],"predecessor-version":[{"id":2940,"href":"https:\/\/dotzen.mx\/index.php?rest_route=\/wp\/v2\/pages\/2933\/revisions\/2940"}],"wp:attachment":[{"href":"https:\/\/dotzen.mx\/index.php?rest_route=%2Fwp%2Fv2%2Fmedia&parent=2933"}],"curies":[{"name":"wp","href":"https:\/\/api.w.org\/{rel}","templated":true}]}}